{"id":189,"date":"2025-04-30T08:12:46","date_gmt":"2025-04-30T08:12:46","guid":{"rendered":"https:\/\/aventuratravels.pe\/?page_id=189"},"modified":"2025-04-30T14:28:43","modified_gmt":"2025-04-30T14:28:43","slug":"paquetes","status":"publish","type":"page","link":"https:\/\/aventuratravels.pe\/?page_id=189","title":{"rendered":"PAQUETES"},"content":{"rendered":"\t\t<div data-elementor-type=\"wp-page\" data-elementor-id=\"189\" class=\"elementor elementor-189\">\n\t\t\t\t\t\t\t\t\t<section class=\"elementor-section elementor-top-section elementor-element elementor-element-359ef201 elementor-section-boxed elementor-section-height-default elementor-section-height-default\" data-id=\"359ef201\" data-element_type=\"section\">\n\t\t\t\t\t\t<div class=\"elementor-container elementor-column-gap-default\">\n\t\t\t\t\t<div class=\"elementor-column elementor-col-100 elementor-top-column elementor-element elementor-element-451118cc\" data-id=\"451118cc\" data-element_type=\"column\">\n\t\t\t<div class=\"elementor-widget-wrap elementor-element-populated\">\n\t\t\t\t\t\t\t\t<div class=\"elementor-element elementor-element-a89478a elementor-widget elementor-widget-text-editor\" data-id=\"a89478a\" data-element_type=\"widget\" data-widget_type=\"text-editor.default\">\n\t\t\t\t<div class=\"elementor-widget-container\">\n\t\t\t<style>\/*! elementor - v3.12.2 - 23-04-2023 *\/\n.elementor-widget-text-editor.elementor-drop-cap-view-stacked .elementor-drop-cap{background-color:#69727d;color:#fff}.elementor-widget-text-editor.elementor-drop-cap-view-framed .elementor-drop-cap{color:#69727d;border:3px solid;background-color:transparent}.elementor-widget-text-editor:not(.elementor-drop-cap-view-default) .elementor-drop-cap{margin-top:8px}.elementor-widget-text-editor:not(.elementor-drop-cap-view-default) .elementor-drop-cap-letter{width:1em;height:1em}.elementor-widget-text-editor .elementor-drop-cap{float:left;text-align:center;line-height:1;font-size:50px}.elementor-widget-text-editor .elementor-drop-cap-letter{display:inline-block}<\/style>\t\t\t\t<!-- wp:heading {\"level\":3} -->\n<h3 class=\"wp-block-heading\">\u00bfPor qu\u00e9 viajar a Cusco?<\/h3>\n<!-- \/wp:heading -->\n\n<!-- wp:paragraph {\"align\":\"left\"} -->\n<p class=\"has-text-align-left\">\u00bfCrees que porque visitar\u00e1s Cusco, el Inti o la Pachamama estar\u00e1n de tu lado y todo saldr\u00e1 a la perfecci\u00f3n sin planificarlo?&nbsp;<strong>Lo mejor es que disfrutes tus vacaciones<\/strong>&nbsp;como se debe. Para que todo salga bien, aqu\u00ed tienes varias opciones de&nbsp;<strong>viajes a Cusco que ofrecen vuelo m\u00e1s hotel y otros paquetes tur\u00edsticos<\/strong>&nbsp;que te interesar\u00e1n. Algunos incluyen&nbsp;<strong>traslado del aeropuerto al hotel<\/strong>&nbsp;y tambi\u00e9n desayuno. Lo mejor es que la mayor\u00eda est\u00e1 ubicado en el centro hist\u00f3rico de la ciudad y ser\u00e1 muy f\u00e1cil para ti conocer la belleza de sus calles, el sabor de la comida que ofrecen sus restaurantes, e incluso estar\u00e1s cerca de estaciones de buses con direcci\u00f3n a&nbsp;<strong>Machu Picchu, la ciudadela incaica considerada una de las Siete Maravillas del Mundo Moderno.<\/strong>&nbsp;As\u00ed que si quieres conocer la sede del antiguo Imperio Inca y todo su esplendor, es mejor que evites cualquier tipo de inconveniente. Es la \u00fanica manera de vivir mejor tu viaje y sorprenderte con sus palacios, plazas, iglesias y dem\u00e1s monumentos que expresan el brillo de varias \u00e9pocas. Reserva tu paquete tur\u00edstico a Cusco y no pierdas la oportunidad de recorrer todos los rincones de este milenario destino.<\/p>\n<!-- \/wp:paragraph -->\n\n<!-- wp:image {\"id\":190,\"sizeSlug\":\"large\",\"linkDestination\":\"none\"} -->\n<figure class=\"wp-block-image size-large\"><img decoding=\"async\" loading=\"lazy\" width=\"1024\" height=\"640\" src=\"https:\/\/aventuratravels.pe\/wp-content\/uploads\/2025\/04\/Cusco-Machu-Picchu-1024x640.jpg\" alt=\"\" class=\"wp-image-190\" srcset=\"https:\/\/aventuratravels.pe\/wp-content\/uploads\/2025\/04\/Cusco-Machu-Picchu-1024x640.jpg 1024w, https:\/\/aventuratravels.pe\/wp-content\/uploads\/2025\/04\/Cusco-Machu-Picchu-300x188.jpg 300w, https:\/\/aventuratravels.pe\/wp-content\/uploads\/2025\/04\/Cusco-Machu-Picchu-768x480.jpg 768w, https:\/\/aventuratravels.pe\/wp-content\/uploads\/2025\/04\/Cusco-Machu-Picchu.jpg 1200w\" sizes=\"(max-width: 1024px) 100vw, 1024px\" \/><\/figure>\n<!-- \/wp:image -->\t\t\t\t\t\t<\/div>\n\t\t\t\t<\/div>\n\t\t\t\t\t<\/div>\n\t\t<\/div>\n\t\t\t\t\t\t\t<\/div>\n\t\t<\/section>\n\t\t\t\t\t\t\t<\/div>\n\t\t","protected":false},"excerpt":{"rendered":"<p>\u00bfPor qu\u00e9 viajar a Cusco? \u00bfCrees que porque visitar\u00e1s Cusco, el Inti o la Pachamama estar\u00e1n de tu lado y todo saldr\u00e1 a la perfecci\u00f3n sin planificarlo?&nbsp;Lo mejor es que disfrutes tus vacaciones&nbsp;como se debe. Para que todo salga bien, aqu\u00ed tienes varias opciones de&nbsp;viajes a Cusco que ofrecen vuelo m\u00e1s hotel y otros paquetes &#8230; <a title=\"PAQUETES\" class=\"read-more\" href=\"https:\/\/aventuratravels.pe\/?page_id=189\" aria-label=\"More on PAQUETES\">Read more<\/a><\/p>\n","protected":false},"author":1,"featured_media":0,"parent":0,"menu_order":0,"comment_status":"closed","ping_status":"closed","template":"","meta":[],"_links":{"self":[{"href":"https:\/\/aventuratravels.pe\/index.php?rest_route=\/wp\/v2\/pages\/189"}],"collection":[{"href":"https:\/\/aventuratravels.pe\/index.php?rest_route=\/wp\/v2\/pages"}],"about":[{"href":"https:\/\/aventuratravels.pe\/index.php?rest_route=\/wp\/v2\/types\/page"}],"author":[{"embeddable":true,"href":"https:\/\/aventuratravels.pe\/index.php?rest_route=\/wp\/v2\/users\/1"}],"replies":[{"embeddable":true,"href":"https:\/\/aventuratravels.pe\/index.php?rest_route=%2Fwp%2Fv2%2Fcomments&post=189"}],"version-history":[{"count":5,"href":"https:\/\/aventuratravels.pe\/index.php?rest_route=\/wp\/v2\/pages\/189\/revisions"}],"predecessor-version":[{"id":197,"href":"https:\/\/aventuratravels.pe\/index.php?rest_route=\/wp\/v2\/pages\/189\/revisions\/197"}],"wp:attachment":[{"href":"https:\/\/aventuratravels.pe\/index.php?rest_route=%2Fwp%2Fv2%2Fmedia&parent=189"}],"curies":[{"name":"wp","href":"https:\/\/api.w.org\/{rel}","templated":true}]}}